{"id":92,"date":"2017-08-20T11:22:12","date_gmt":"2017-08-20T09:22:12","guid":{"rendered":"http:\/\/arts-culinaires.fr\/?page_id=92"},"modified":"2017-08-20T11:30:40","modified_gmt":"2017-08-20T09:30:40","slug":"recettes-2","status":"publish","type":"page","link":"https:\/\/arts-culinaires.fr\/?page_id=92","title":{"rendered":"Recettes"},"content":{"rendered":"<p><a href=\"https:\/\/arts-culinaires.fr\/wp-content\/uploads\/2017\/08\/recette-d\u00e9taill\u00e9e-de-melon-past\u00e8que-jambon-NDB-idizabal-et-cresson.pdf\">recette d\u00e9taill\u00e9e de melon, past\u00e8que, jambon NDB, idizabal et cresson<\/a><\/p>\n","protected":false},"excerpt":{"rendered":"<p>recette d\u00e9taill\u00e9e de melon, past\u00e8que, jambon NDB, idizabal et cresson<\/p>\n","protected":false},"author":1,"featured_media":0,"parent":0,"menu_order":0,"comment_status":"closed","ping_status":"closed","template":"","meta":[],"_links":{"self":[{"href":"https:\/\/arts-culinaires.fr\/index.php?rest_route=\/wp\/v2\/pages\/92"}],"collection":[{"href":"https:\/\/arts-culinaires.fr\/index.php?rest_route=\/wp\/v2\/pages"}],"about":[{"href":"https:\/\/arts-culinaires.fr\/index.php?rest_route=\/wp\/v2\/types\/page"}],"author":[{"embeddable":true,"href":"https:\/\/arts-culinaires.fr\/index.php?rest_route=\/wp\/v2\/users\/1"}],"replies":[{"embeddable":true,"href":"https:\/\/arts-culinaires.fr\/index.php?rest_route=%2Fwp%2Fv2%2Fcomments&post=92"}],"version-history":[{"count":3,"href":"https:\/\/arts-culinaires.fr\/index.php?rest_route=\/wp\/v2\/pages\/92\/revisions"}],"predecessor-version":[{"id":232,"href":"https:\/\/arts-culinaires.fr\/index.php?rest_route=\/wp\/v2\/pages\/92\/revisions\/232"}],"wp:attachment":[{"href":"https:\/\/arts-culinaires.fr\/index.php?rest_route=%2Fwp%2Fv2%2Fmedia&parent=92"}],"curies":[{"name":"wp","href":"https:\/\/api.w.org\/{rel}","templated":true}]}}