{"id":52,"date":"2017-08-19T19:42:02","date_gmt":"2017-08-19T17:42:02","guid":{"rendered":"http:\/\/arts-culinaires.fr\/?page_id=52"},"modified":"2018-04-26T07:51:36","modified_gmt":"2018-04-26T05:51:36","slug":"cuisine-a-domicile","status":"publish","type":"page","link":"https:\/\/arts-culinaires.fr\/?page_id=52","title":{"rendered":"Cuisine \u00e0 domicile"},"content":{"rendered":"<p>Un repas entre amis<br \/>\nUn repas de famille<br \/>\nUne manifestation particuli\u00e8re<br \/>\nDes repas journaliers<br \/>\nUn cocktail<br \/>\nOU toutes autres manifestations<br \/>\nSurtout, n\u2019h\u00e9sitez pas \u00e0 me contacter, c&rsquo;est en \u00e9troite collaboration avec \u00ab\u00a0Le Sentier des Flaveurs\u00a0\u00bb que nous essayerons de r\u00e9pondre \u00e0 toutes vos attentes. <\/p>\n","protected":false},"excerpt":{"rendered":"<p>Un repas entre amis Un repas de famille Une manifestation particuli\u00e8re Des repas journaliers Un cocktail OU toutes autres manifestations Surtout, n\u2019h\u00e9sitez pas \u00e0 me contacter, c&rsquo;est en \u00e9troite collaboration avec \u00ab\u00a0Le Sentier des Flaveurs\u00a0\u00bb que nous essayerons de r\u00e9pondre \u00e0 toutes vos attentes.<\/p>\n","protected":false},"author":1,"featured_media":0,"parent":0,"menu_order":0,"comment_status":"closed","ping_status":"closed","template":"","meta":[],"_links":{"self":[{"href":"https:\/\/arts-culinaires.fr\/index.php?rest_route=\/wp\/v2\/pages\/52"}],"collection":[{"href":"https:\/\/arts-culinaires.fr\/index.php?rest_route=\/wp\/v2\/pages"}],"about":[{"href":"https:\/\/arts-culinaires.fr\/index.php?rest_route=\/wp\/v2\/types\/page"}],"author":[{"embeddable":true,"href":"https:\/\/arts-culinaires.fr\/index.php?rest_route=\/wp\/v2\/users\/1"}],"replies":[{"embeddable":true,"href":"https:\/\/arts-culinaires.fr\/index.php?rest_route=%2Fwp%2Fv2%2Fcomments&post=52"}],"version-history":[{"count":6,"href":"https:\/\/arts-culinaires.fr\/index.php?rest_route=\/wp\/v2\/pages\/52\/revisions"}],"predecessor-version":[{"id":151,"href":"https:\/\/arts-culinaires.fr\/index.php?rest_route=\/wp\/v2\/pages\/52\/revisions\/151"}],"wp:attachment":[{"href":"https:\/\/arts-culinaires.fr\/index.php?rest_route=%2Fwp%2Fv2%2Fmedia&parent=52"}],"curies":[{"name":"wp","href":"https:\/\/api.w.org\/{rel}","templated":true}]}}