{"id":48,"date":"2017-08-19T19:41:13","date_gmt":"2017-08-19T17:41:13","guid":{"rendered":"http:\/\/arts-culinaires.fr\/?page_id=48"},"modified":"2018-05-16T10:17:33","modified_gmt":"2018-05-16T08:17:33","slug":"coaching","status":"publish","type":"page","link":"https:\/\/arts-culinaires.fr\/?page_id=48","title":{"rendered":"Coaching"},"content":{"rendered":"<p>Vous \u00eates distributeur, producteur, prestataires, porteur de projets, restaurateur, particulier ou autres encore&#8230;.<br \/>\nVous d\u00e9sirez une aide, un conseil, changer d&rsquo;orientation et ou de style?<br \/>\nVous d\u00e9sirez former et encadrer vos collaborateurs dans votre domaine?<br \/>\nJe suis \u00e0 votre \u00e9coute, n&rsquo;h\u00e9sitez pas \u00e0 me contacter. <\/p>\n","protected":false},"excerpt":{"rendered":"<p>Vous \u00eates distributeur, producteur, prestataires, porteur de projets, restaurateur, particulier ou autres encore&#8230;. Vous d\u00e9sirez une aide, un conseil, changer d&rsquo;orientation et ou de style? Vous d\u00e9sirez former et encadrer vos collaborateurs dans votre domaine? Je suis \u00e0 votre \u00e9coute, n&rsquo;h\u00e9sitez pas \u00e0 me contacter.<\/p>\n","protected":false},"author":1,"featured_media":0,"parent":0,"menu_order":0,"comment_status":"closed","ping_status":"closed","template":"","meta":[],"_links":{"self":[{"href":"https:\/\/arts-culinaires.fr\/index.php?rest_route=\/wp\/v2\/pages\/48"}],"collection":[{"href":"https:\/\/arts-culinaires.fr\/index.php?rest_route=\/wp\/v2\/pages"}],"about":[{"href":"https:\/\/arts-culinaires.fr\/index.php?rest_route=\/wp\/v2\/types\/page"}],"author":[{"embeddable":true,"href":"https:\/\/arts-culinaires.fr\/index.php?rest_route=\/wp\/v2\/users\/1"}],"replies":[{"embeddable":true,"href":"https:\/\/arts-culinaires.fr\/index.php?rest_route=%2Fwp%2Fv2%2Fcomments&post=48"}],"version-history":[{"count":3,"href":"https:\/\/arts-culinaires.fr\/index.php?rest_route=\/wp\/v2\/pages\/48\/revisions"}],"predecessor-version":[{"id":166,"href":"https:\/\/arts-culinaires.fr\/index.php?rest_route=\/wp\/v2\/pages\/48\/revisions\/166"}],"wp:attachment":[{"href":"https:\/\/arts-culinaires.fr\/index.php?rest_route=%2Fwp%2Fv2%2Fmedia&parent=48"}],"curies":[{"name":"wp","href":"https:\/\/api.w.org\/{rel}","templated":true}]}}