{"id":46,"date":"2017-08-19T19:40:23","date_gmt":"2017-08-19T17:40:23","guid":{"rendered":"http:\/\/arts-culinaires.fr\/?page_id=46"},"modified":"2018-05-16T10:12:10","modified_gmt":"2018-05-16T08:12:10","slug":"audit-conseil","status":"publish","type":"page","link":"https:\/\/arts-culinaires.fr\/?page_id=46","title":{"rendered":"Audit, conseil"},"content":{"rendered":"<p>De part mon exp\u00e9rience, je suis pr\u00eats \u00e0 vous accompagner, vous guider et vous conseiller dans vos projets culinaires.<br \/>\nvous \u00eates professionnel de la restauration ou particulier, je vous accompagne comme vous le souhaitez de mani\u00e8re ponctuel ou r\u00e9guli\u00e8re.<br \/>\nmon savoir faire sera votre valeur ajout\u00e9e \u00e0 vos comp\u00e9tences et connaissances d\u00e9j\u00e0 acquises. <\/p>\n","protected":false},"excerpt":{"rendered":"<p>De part mon exp\u00e9rience, je suis pr\u00eats \u00e0 vous accompagner, vous guider et vous conseiller dans vos projets culinaires. vous \u00eates professionnel de la restauration ou particulier, je vous accompagne comme vous le souhaitez de mani\u00e8re ponctuel ou r\u00e9guli\u00e8re. mon savoir faire sera votre valeur ajout\u00e9e \u00e0 vos comp\u00e9tences et connaissances d\u00e9j\u00e0 acquises.<\/p>\n","protected":false},"author":1,"featured_media":0,"parent":0,"menu_order":0,"comment_status":"closed","ping_status":"closed","template":"","meta":[],"_links":{"self":[{"href":"https:\/\/arts-culinaires.fr\/index.php?rest_route=\/wp\/v2\/pages\/46"}],"collection":[{"href":"https:\/\/arts-culinaires.fr\/index.php?rest_route=\/wp\/v2\/pages"}],"about":[{"href":"https:\/\/arts-culinaires.fr\/index.php?rest_route=\/wp\/v2\/types\/page"}],"author":[{"embeddable":true,"href":"https:\/\/arts-culinaires.fr\/index.php?rest_route=\/wp\/v2\/users\/1"}],"replies":[{"embeddable":true,"href":"https:\/\/arts-culinaires.fr\/index.php?rest_route=%2Fwp%2Fv2%2Fcomments&post=46"}],"version-history":[{"count":2,"href":"https:\/\/arts-culinaires.fr\/index.php?rest_route=\/wp\/v2\/pages\/46\/revisions"}],"predecessor-version":[{"id":163,"href":"https:\/\/arts-culinaires.fr\/index.php?rest_route=\/wp\/v2\/pages\/46\/revisions\/163"}],"wp:attachment":[{"href":"https:\/\/arts-culinaires.fr\/index.php?rest_route=%2Fwp%2Fv2%2Fmedia&parent=46"}],"curies":[{"name":"wp","href":"https:\/\/api.w.org\/{rel}","templated":true}]}}