{"id":25,"date":"2017-08-19T19:34:07","date_gmt":"2017-08-19T17:34:07","guid":{"rendered":"http:\/\/arts-culinaires.fr\/?page_id=25"},"modified":"2021-05-15T13:11:25","modified_gmt":"2021-05-15T11:11:25","slug":"mon-savoir-faire","status":"publish","type":"page","link":"https:\/\/arts-culinaires.fr\/?page_id=25","title":{"rendered":"Mon Savoir -Faire"},"content":{"rendered":"<p>Arm\u00e9 d&rsquo;un CAP de cuisine, d&rsquo;un U-V de gestion et d&rsquo;un stage de perfectionnement en cuisson sous vide<br \/>\nJ&rsquo;ai eu le plaisir d&rsquo;apprendre \u00e0 c\u00f4t\u00e9 de grands chefs pendant plus de 18 ann\u00e9es dans des restaurants gastronomiques, j&rsquo;ai acquis de l\u2019exp\u00e9rience, J&rsquo;ai appris les anciennes et nouvelles techniques de bases et de cuissons, le sens du travail bien fait puis diriger et encadrer une brigade.<br \/>\nAujourd&rsquo;hui et depuis plus de 20 ans je suis chef de cuisine dans un club priv\u00e9, ce poste me permet de c\u00f4toyer des hauts fonctionnaires et responsables de gouvernements Fran\u00e7ais et \u00e9trangers de toutes cultures et religions<br \/>\nJ&rsquo;ai voyag\u00e9 pour divers manifestations \u00e0 (Duba\u00ef; Egypte, Tunisie; Br\u00e9sil&#8230;) afin de me perfectionner et apprendre les coutumes alimentaires \u00e9trang\u00e8res.<\/p>\n","protected":false},"excerpt":{"rendered":"<p>Arm\u00e9 d&rsquo;un CAP de cuisine, d&rsquo;un U-V de gestion et d&rsquo;un stage de perfectionnement en cuisson sous vide J&rsquo;ai eu le plaisir d&rsquo;apprendre \u00e0 c\u00f4t\u00e9 de grands chefs pendant plus de 18 ann\u00e9es dans des restaurants gastronomiques, j&rsquo;ai acquis de l\u2019exp\u00e9rience, J&rsquo;ai appris les anciennes et nouvelles techniques de bases et de cuissons, le sens [&hellip;]<\/p>\n","protected":false},"author":1,"featured_media":0,"parent":0,"menu_order":0,"comment_status":"closed","ping_status":"closed","template":"","meta":[],"_links":{"self":[{"href":"https:\/\/arts-culinaires.fr\/index.php?rest_route=\/wp\/v2\/pages\/25"}],"collection":[{"href":"https:\/\/arts-culinaires.fr\/index.php?rest_route=\/wp\/v2\/pages"}],"about":[{"href":"https:\/\/arts-culinaires.fr\/index.php?rest_route=\/wp\/v2\/types\/page"}],"author":[{"embeddable":true,"href":"https:\/\/arts-culinaires.fr\/index.php?rest_route=\/wp\/v2\/users\/1"}],"replies":[{"embeddable":true,"href":"https:\/\/arts-culinaires.fr\/index.php?rest_route=%2Fwp%2Fv2%2Fcomments&post=25"}],"version-history":[{"count":6,"href":"https:\/\/arts-culinaires.fr\/index.php?rest_route=\/wp\/v2\/pages\/25\/revisions"}],"predecessor-version":[{"id":399,"href":"https:\/\/arts-culinaires.fr\/index.php?rest_route=\/wp\/v2\/pages\/25\/revisions\/399"}],"wp:attachment":[{"href":"https:\/\/arts-culinaires.fr\/index.php?rest_route=%2Fwp%2Fv2%2Fmedia&parent=25"}],"curies":[{"name":"wp","href":"https:\/\/api.w.org\/{rel}","templated":true}]}}